{"id":5831,"date":"2014-01-23T12:15:08","date_gmt":"2014-01-23T12:15:08","guid":{"rendered":"http:\/\/ttemplo.es\/?page_id=5831"},"modified":"2019-01-21T22:35:14","modified_gmt":"2019-01-21T20:35:14","slug":"muebles-asiaticos-madrid","status":"publish","type":"page","link":"https:\/\/mentoriable.com\/?page_id=5831","title":{"rendered":"Muebles asi\u00e1ticos Madrid"},"content":{"rendered":"<p><img loading=\"lazy\" decoding=\"async\" class=\" wp-image-4328 alignright\" src=\"http:\/\/ttemplo.es\/wp-content\/uploads\/2012\/11\/cama37-.jpg\" alt=\"Muebles asi\u00e1ticos Madrid\" width=\"240\" height=\"220\" \/><\/p>\n<p style=\"text-align: justify;\">Gran variedad de <b>muebles asi\u00e1ticos en Madrid <\/b>en TTemplo, su muebler\u00eda especializada en la que dispone de una gran exposici\u00f3n de muebles y complementos para el hogar de inspiraci\u00f3n oriental.\u00a0 Ac\u00e9rquese a nuestras instalaciones para elegir su nuevo mobiliario.<\/p>\n<p style=\"text-align: justify;\">Disponemos de <b>muebles as\u00ed\u00e1ticos en Madrid<\/b> en gran variedad de calidades y precios. Nuestro muestrario incluye todos los elementos necesarios para amueblar completamente su hogar. En nuestra secci\u00f3n de\u00a0 dormitorio dispone\u00a0 de camas, cabeceros, mesillas, armarios, c\u00f3modas, sinfonieres y galanes de noche.<\/p>\n<p style=\"text-align: justify;\">En nuestra exposici\u00f3n de <b>muebles asi\u00e1ticos en Madrid<\/b>\u00a0 que podr\u00e1 encontrar en la tienda de<i><a title=\"Muebles en Europolis Las Rozas\" href=\"http:\/\/ttemplo.es\/muebles-en-europolis-las-rozas\"> muebles en Eur\u00f3polis Las Rozas<\/a><\/i> dispone tambi\u00e9n de comedores con aparadores, mesas de comedor de diferentes tama\u00f1os,\u00a0 sillas y vitrinas a juego. Si necesita mueble auxiliar de estilo oriental para decorar su casa no deje de ver nuestros bancos y ba\u00fales, butacas, biombos, consolas\u00a0 y escritorios.<\/p>\n<p style=\"text-align: justify;\">El\u00a0 toque de estilo y distinci\u00f3n en la decoraci\u00f3n de su casa lo pondr\u00e1 con los complementos y detalles que se encuentran\u00a0 en nuestro <a title=\"Outlet muebles Las Rozas\" href=\"http:\/\/ttemplo.es\/outlet-muebles-las-rozas\"><i>outlet de muebles en Las Rozas<\/i><\/a>: budas y figuras en piedra, bronce, madera y resina, espejos, fuentes, \u00f3leos y relieves, jarrones\u00a0 y cer\u00e1mica\u00a0 y otros elementos decorativos realizados en\u00a0 madera, piedra o laca. Tambi\u00e9n puede acceder a una gran variedad de textiles con dise\u00f1os orientales: cojines, cojines thai \u00a0y caminos de mesa.<\/p>\n<p style=\"text-align: justify;\">No olvide contactar con nosotros en el tel\u00e9fono\u00a0628668272 (Whatsapp)<\/p>\n","protected":false},"excerpt":{"rendered":"<p>Gran variedad de muebles asi\u00e1ticos en Madrid en TTemplo, su muebler\u00eda especializada en la que dispone de una gran exposici\u00f3n de muebles y complementos para el hogar de inspiraci\u00f3n oriental.\u00a0 Ac\u00e9rquese a nuestras instalaciones para elegir su nuevo mobiliario. Disponemos de muebles as\u00ed\u00e1ticos en Madrid en gran variedad de calidades y precios. Nuestro muestrario incluye [&hellip;]<\/p>\n","protected":false},"author":1,"featured_media":0,"parent":0,"menu_order":0,"comment_status":"open","ping_status":"open","template":"","meta":{"footnotes":""},"class_list":["post-5831","page","type-page","status-publish","hentry"],"_links":{"self":[{"href":"https:\/\/mentoriable.com\/index.php?rest_route=\/wp\/v2\/pages\/5831","targetHints":{"allow":["GET"]}}],"collection":[{"href":"https:\/\/mentoriable.com\/index.php?rest_route=\/wp\/v2\/pages"}],"about":[{"href":"https:\/\/mentoriable.com\/index.php?rest_route=\/wp\/v2\/types\/page"}],"author":[{"embeddable":true,"href":"https:\/\/mentoriable.com\/index.php?rest_route=\/wp\/v2\/users\/1"}],"replies":[{"embeddable":true,"href":"https:\/\/mentoriable.com\/index.php?rest_route=%2Fwp%2Fv2%2Fcomments&post=5831"}],"version-history":[{"count":21,"href":"https:\/\/mentoriable.com\/index.php?rest_route=\/wp\/v2\/pages\/5831\/revisions"}],"predecessor-version":[{"id":6468,"href":"https:\/\/mentoriable.com\/index.php?rest_route=\/wp\/v2\/pages\/5831\/revisions\/6468"}],"wp:attachment":[{"href":"https:\/\/mentoriable.com\/index.php?rest_route=%2Fwp%2Fv2%2Fmedia&parent=5831"}],"curies":[{"name":"wp","href":"https:\/\/api.w.org\/{rel}","templated":true}]}}