{"id":5859,"date":"2014-01-23T15:34:22","date_gmt":"2014-01-23T15:34:22","guid":{"rendered":"http:\/\/ttemplo.es\/?page_id=5859"},"modified":"2020-07-18T00:01:50","modified_gmt":"2020-07-17T22:01:50","slug":"muebles-en-europolis-las-rozas","status":"publish","type":"page","link":"https:\/\/mentoriable.com\/?page_id=5859","title":{"rendered":"Muebles en Eur\u00f3polis Las Rozas"},"content":{"rendered":"<p style=\"text-align: justify;\"><img loading=\"lazy\" decoding=\"async\" class=\" wp-image-4651 alignright\" src=\"http:\/\/ttemplo.es\/wp-content\/uploads\/2012\/11\/cen21--300x224.jpg\" alt=\"Muebles en Eur\u00f3polis Las Rozas\" width=\"240\" height=\"179\" \/>Ya dispone de la mejor exposici\u00f3n de <b>muebles en Europolis de Las Rozas <\/b>en TTemplo, muebler\u00eda epecializada en muebles orientales y complementos para el hogar. Nuestras instalaciones no le defraudar\u00e1n, ya que disponemos de muebles de primera calidad y una secci\u00f3n de outlet en la que se podr\u00e1 beneficiar de interesantes precios.<\/p>\n<p style=\"text-align: justify;\">Visite nuestro muestrario de <b>muebles en Eur\u00f3polis de Las Rozas<\/b> en el que encontrar\u00e1 los muebles que necesita para su dormitorio, ba\u00f1o, cocina, comedor y decoraci\u00f3n completa de su casa. Nuestros <i>muebles asi\u00e1ticos en Madrid<\/i> responden a los m\u00e1s elevados niveles de calidad. Disponemos de muebles para su aparato de televisi\u00f3n, librer\u00edas y vitrinas o conjuntos completos para decorar su dormitorio: camas, cabeceros, armarios, c\u00f3modas, mesillas, galanes de noche o sinfonieres.<\/p>\n<p style=\"text-align: justify;\">En la secci\u00f3n de comedor que encontrar\u00e1 en nuestra exposici\u00f3n de <b>muebles en Eur\u00f3polis de Las Rozas<\/b>, \u00a0podr\u00e1 ver \u00a0tambi\u00e9n nuestro cat\u00e1logo de mueble auxiliar de estilo oriental: bancos, ba\u00fales, butacas, biombos, consolas, cubrerradiadores o escritorios\u2026<\/p>\n<p style=\"text-align: justify;\">Tanto en la exposici\u00f3n con en nuestro <a title=\"Outlet muebles Las Rozas\" href=\"http:\/\/ttemplo.es\/outlet-muebles-las-rozas\"><i>outlet de muebles en Las Rozas<\/i><\/a> podr\u00e1 acceder a una gran variedad de complementos para el hogar de origen oriental: budas y figuras, espejos, fuentes, iluminaci\u00f3n (l\u00e1mparas de pie, pared o techo, apliques\u2026) \u00f3leos y relieves, jarrones en madera, cer\u00e1mica, piedra o laca\u2026 as\u00ed como productos textiles: cojines, cojines thai o caminos de mesa para decorar su comedor con\u00a0 estilo.<\/p>\n<p style=\"text-align: justify;\">No dude en visitarnos directamente en el centro de <a title=\"Tiendas muebles Eur\u00f3polis\" href=\"http:\/\/ttemplo.es\/tiendas-muebles-europolis\"><i>tiendas de muebles Eur\u00f3polis<\/i><\/a> de Las Rozas calle M\u00f3naco n\u00ba27 Europolis 28232 o llamarnos al <strong>628668272<\/strong>\u00a0(<span style=\"color: #008000;\">Whatsapp<\/span>) para ver nuestra colecci\u00f3n de muebles.<\/p>\n","protected":false},"excerpt":{"rendered":"<p>Ya dispone de la mejor exposici\u00f3n de muebles en Europolis de Las Rozas en TTemplo, muebler\u00eda epecializada en muebles orientales y complementos para el hogar. Nuestras instalaciones no le defraudar\u00e1n, ya que disponemos de muebles de primera calidad y una secci\u00f3n de outlet en la que se podr\u00e1 beneficiar de interesantes precios. Visite nuestro muestrario [&hellip;]<\/p>\n","protected":false},"author":1,"featured_media":0,"parent":0,"menu_order":0,"comment_status":"open","ping_status":"open","template":"","meta":{"footnotes":""},"class_list":["post-5859","page","type-page","status-publish","hentry"],"_links":{"self":[{"href":"https:\/\/mentoriable.com\/index.php?rest_route=\/wp\/v2\/pages\/5859","targetHints":{"allow":["GET"]}}],"collection":[{"href":"https:\/\/mentoriable.com\/index.php?rest_route=\/wp\/v2\/pages"}],"about":[{"href":"https:\/\/mentoriable.com\/index.php?rest_route=\/wp\/v2\/types\/page"}],"author":[{"embeddable":true,"href":"https:\/\/mentoriable.com\/index.php?rest_route=\/wp\/v2\/users\/1"}],"replies":[{"embeddable":true,"href":"https:\/\/mentoriable.com\/index.php?rest_route=%2Fwp%2Fv2%2Fcomments&post=5859"}],"version-history":[{"count":5,"href":"https:\/\/mentoriable.com\/index.php?rest_route=\/wp\/v2\/pages\/5859\/revisions"}],"predecessor-version":[{"id":6511,"href":"https:\/\/mentoriable.com\/index.php?rest_route=\/wp\/v2\/pages\/5859\/revisions\/6511"}],"wp:attachment":[{"href":"https:\/\/mentoriable.com\/index.php?rest_route=%2Fwp%2Fv2%2Fmedia&parent=5859"}],"curies":[{"name":"wp","href":"https:\/\/api.w.org\/{rel}","templated":true}]}}