{"id":5862,"date":"2014-01-23T15:49:11","date_gmt":"2014-01-23T15:49:11","guid":{"rendered":"http:\/\/ttemplo.es\/?page_id=5862"},"modified":"2020-07-18T00:02:24","modified_gmt":"2020-07-17T22:02:24","slug":"outlet-muebles-las-rozas","status":"publish","type":"page","link":"https:\/\/mentoriable.com\/?page_id=5862","title":{"rendered":"Outlet muebles Las Rozas"},"content":{"rendered":"<p style=\"text-align: justify;\"><img loading=\"lazy\" decoding=\"async\" class=\" wp-image-4352 alignright\" src=\"http:\/\/ttemplo.es\/wp-content\/uploads\/2012\/11\/cama18-300x225.jpg\" alt=\"Outlet muebles Las Rozas\" width=\"216\" height=\"162\" \/>El mejor <b>outlet de muebles en Las Rozas<\/b> de Madrid se encuentra en TTemplo. En nuestra tienda encontrar\u00e1 una gran variedad de muebles asi\u00e1ticos en Madrid en una amplia exposici\u00f3n. Nos encontramos entre las mejores <a title=\"Tiendas de muebles en Eur\u00f3polis\" href=\"http:\/\/ttemplo.es\/tiendas-muebles-europolis\"><i>tiendas de muebles de Europolis<\/i><\/a> para que con la visita a\u00a0 una\u00a0 sola instalaci\u00f3n pueda consultar un gran cat\u00e1logo de productos de estilo orienta para la decoraci\u00f3n de su hogar.<\/p>\n<p style=\"text-align: justify;\">Nuestro <b>outlet de muebles en Las Rozas<\/b>\u00a0 incluye diferentes secciones y estilos de mueble oriental para decorar todo su hogar: salones, dormitorios, comedores, mueble auxiliar, sof\u00e1s, ba\u00f1os, complementos para el hogar y textil.\u00a0 No encontrar\u00e1 otra exposici\u00f3n con esta variedad de <a title=\"Muebles en Eur\u00f3polis Las Rozas\" href=\"http:\/\/ttemplo.es\/muebles-en-europolis-las-rozas\/\"><i>muebles en Europolis las Rozas<\/i><\/a>.<\/p>\n<p style=\"text-align: justify;\">Tiene a su disposici\u00f3n mesas de centro y rinc\u00f3n, muebles para televisi\u00f3n y librer\u00edas. Nuestros dormitorios est\u00e1n equipados diferentes modelos de camas, cabeceros, mesillas, armarios, c\u00f3modas, sinfonieres y galanes de noche. El <b>outlet de muebles en Las Rozas<\/b> incorpora tambi\u00e9n sof\u00e1s y muebles de ba\u00f1o, as\u00ed como una gran variedad de complementos para el hogar: budas y figuras en piedra, bronce, madera y resina, espejos, fuentes, iluminaci\u00f3n (l\u00e1mparas y apliques) \u00f3leos y relieves, jarrones de cer\u00e1mica, madera, piedra o laca\u2026 y elementos en textil como cojines, cojines thai o caminos de mesa.<\/p>\n<p style=\"text-align: justify;\">No dude en visitarnos y consultarnos cualquier necesidad o duda, le orientaremos sobre las mejores opciones. Tambi\u00e9n puede encargarnos su mueble a medida sin coste adicional. Escr\u00edbenos\u00a0al <strong>628668272<\/strong> (<span style=\"color: #008000;\">Whatsapp<\/span>) \u00a1Le esperamos!<\/p>\n<p style=\"text-align: justify;\">calle M\u00f3naco n\u00ba27 Europolis 28232 Las rozas de Madrid<\/p>\n","protected":false},"excerpt":{"rendered":"<p>El mejor outlet de muebles en Las Rozas de Madrid se encuentra en TTemplo. En nuestra tienda encontrar\u00e1 una gran variedad de muebles asi\u00e1ticos en Madrid en una amplia exposici\u00f3n. Nos encontramos entre las mejores tiendas de muebles de Europolis para que con la visita a\u00a0 una\u00a0 sola instalaci\u00f3n pueda consultar un gran cat\u00e1logo de [&hellip;]<\/p>\n","protected":false},"author":1,"featured_media":0,"parent":0,"menu_order":0,"comment_status":"open","ping_status":"closed","template":"","meta":{"footnotes":""},"class_list":["post-5862","page","type-page","status-publish","hentry"],"_links":{"self":[{"href":"https:\/\/mentoriable.com\/index.php?rest_route=\/wp\/v2\/pages\/5862","targetHints":{"allow":["GET"]}}],"collection":[{"href":"https:\/\/mentoriable.com\/index.php?rest_route=\/wp\/v2\/pages"}],"about":[{"href":"https:\/\/mentoriable.com\/index.php?rest_route=\/wp\/v2\/types\/page"}],"author":[{"embeddable":true,"href":"https:\/\/mentoriable.com\/index.php?rest_route=\/wp\/v2\/users\/1"}],"replies":[{"embeddable":true,"href":"https:\/\/mentoriable.com\/index.php?rest_route=%2Fwp%2Fv2%2Fcomments&post=5862"}],"version-history":[{"count":8,"href":"https:\/\/mentoriable.com\/index.php?rest_route=\/wp\/v2\/pages\/5862\/revisions"}],"predecessor-version":[{"id":6512,"href":"https:\/\/mentoriable.com\/index.php?rest_route=\/wp\/v2\/pages\/5862\/revisions\/6512"}],"wp:attachment":[{"href":"https:\/\/mentoriable.com\/index.php?rest_route=%2Fwp%2Fv2%2Fmedia&parent=5862"}],"curies":[{"name":"wp","href":"https:\/\/api.w.org\/{rel}","templated":true}]}}