{"id":810,"date":"2012-11-04T11:58:20","date_gmt":"2012-11-04T11:58:20","guid":{"rendered":"http:\/\/daniel.bellavillasbali.com\/?page_id=2"},"modified":"2019-09-24T22:16:21","modified_gmt":"2019-09-24T20:16:21","slug":"quienessomos","status":"publish","type":"page","link":"https:\/\/mentoriable.com\/?page_id=810","title":{"rendered":"Quienes somos"},"content":{"rendered":"<h2>\u00bfTe has fijado en nuestro logotipo? Resume muy bien nuestro car\u00e1cter. Escondido en su tipograf\u00eda encontrar\u00e1s un templo asi\u00e1tico con una puerta abierta que te invita a entrar. Te animamos a pasar y conocer todo lo que TTemplo tiene para ofrecerte. Ponte c\u00f3modo, rel\u00e1jate y si\u00e9ntete como en casa\u2026<\/h2>\n<p style=\"text-align: center;\"><img loading=\"lazy\" decoding=\"async\" class=\"size-full wp-image-5993 aligncenter\" title=\"logo-templo\" src=\"http:\/\/ttemplo.es\/wp-content\/uploads\/2012\/11\/tt.png\" alt=\"logo templo\" width=\"550\" height=\"240\" \/><\/p>\n<p>&nbsp;<\/p>\n<h2><b>\u00bfQU\u00c9?<\/b><\/h2>\n<p><img loading=\"lazy\" decoding=\"async\" class=\"size-medium wp-image-5994 alignleft\" title=\"muebles-artesanos\" src=\"http:\/\/ttemplo.es\/wp-content\/uploads\/2012\/11\/que-300x199.jpg\" alt=\"muebles artesanos\" width=\"380\" height=\"252\" \/>Somos especialistas en <b>muebles de Asia <\/b>de primera calidad y complementos de fabricaci\u00f3n artesanal, tra\u00eddos de Indonesia.<\/p>\n<p>Trabajamos con dise\u00f1os de inspiraci\u00f3n oriental y materiales naturales como la madera de teca y caoba, el rat\u00e1n, el mimbre o la banana, que nos permiten ofrecer piezas resistentes, bellas y exclusivas.<\/p>\n<p>En esta web encontrar\u00e1s art\u00edculos decorativos de todo tipo y para todos los estilos: budas, espejos, cuadros, jarrones, art\u00edculos de iluminaci\u00f3n y mobiliario de jard\u00edn, entre otras muchas propuestas.<\/p>\n<p>Si quieres <b>comprar en Asia<\/b> sin moverte de Espa\u00f1a, en Ttemplo tenemos lo que buscas.<\/p>\n<p>&nbsp;<\/p>\n<p style=\"text-align: center;\"><img loading=\"lazy\" decoding=\"async\" class=\"size-large wp-image-5998 aligncenter\" title=\"banco-madera\" src=\"http:\/\/ttemplo.es\/wp-content\/uploads\/2012\/11\/j-1024x576.jpg\" alt=\"banco madera\" width=\"450\" height=\"253\" \/><\/p>\n<p>&nbsp;<\/p>\n<h2><b>\u00bfPOR QU\u00c9?<\/b><\/h2>\n<p>Hablar de los inicios y la trayectoria de TTemplo como empresa especializada en la venta de\u00a0<b>muebles asi\u00e1ticos en Madrid\u00a0<\/b>es hablar de vocaci\u00f3n, dedicaci\u00f3n, pasi\u00f3n y una forma diferente de entender el interiorismo. Nacimos para dar respuesta a una demanda de muebles\u00a0exclusivos y artesanales, que combinasen prestaciones funcionales y est\u00e9ticas.<\/p>\n<p>Crecimos con un af\u00e1n de mejora continua que nos llev\u00f3 a redefinir nuestro cat\u00e1logo de productos y a ampliar nuestras instalaciones.<\/p>\n<p>Cada d\u00eda, seguimos evolucionando con el prop\u00f3sito de ayudar a nuestros clientes a crear espacios originales, confortables y \u00fanicos.<\/p>\n<p>&nbsp;<\/p>\n<p style=\"text-align: center;\"><img loading=\"lazy\" decoding=\"async\" class=\"size-full wp-image-6000 alignleft\" title=\"comprar-en-asia\" src=\"http:\/\/ttemplo.es\/wp-content\/uploads\/2012\/11\/j2.png\" alt=\"comprar en asia\" width=\"300\" height=\"367\" \/><b><img loading=\"lazy\" decoding=\"async\" class=\"size-large wp-image-6002 aligncenter\" title=\"moto-rattan\" src=\"http:\/\/ttemplo.es\/wp-content\/uploads\/2012\/11\/j3-1024x768.jpg\" alt=\"moto rattan\" width=\"489\" height=\"367\" \/><\/b><\/p>\n<p>&nbsp;<\/p>\n<h2><b>\u00bfC\u00d3MO?<\/b><\/h2>\n<p>Como t\u00fa quieras, porque en TTemplo nos adaptamos plenamente a las necesidades de nuestros clientes.<\/p>\n<p>Puedes visitar nuestra exposici\u00f3n in situ, navegar a trav\u00e9s de las propuestas que te ofrecemos en esta p\u00e1gina web,\u00a0<b>contarnos tu idea para que le demos forma o traernos alg\u00fan modelo de mueble que te guste<\/b>\u00a0y que desees adaptar.<\/p>\n<p style=\"text-align: left;\">Todo lo que se te ocurra se puede\u00a0<b>fabricar en Indonesia\u00a0<\/b>de manera artesanal y estar en tu casa o negocio en unas semanas. Tambi\u00e9n somos especialistas en grandes proyectos: si buscas muebles de inspiraci\u00f3n oriental para decorar un hotel, un restaurante, una cafeter\u00eda chill-out o un local comercial\u00a0<b><a href=\"http:\/\/ttemplo.es\/contacta\/\">cons\u00faltanos<\/a><\/b>.<\/p>\n<blockquote>\n<h2 style=\"text-align: center;\">En TTemplo, hacemos tu proyecto realidad.<\/h2>\n<h2 style=\"text-align: center;\"><\/h2>\n<\/blockquote>\n<p style=\"text-align: center;\"><img loading=\"lazy\" decoding=\"async\" class=\"aligncenter\" title=\"fabricacion-ttemplo\" src=\"http:\/\/ttemplo.es\/wp-content\/uploads\/2012\/11\/Ttemplo-modificada1-1024x512.jpg\" alt=\"fabricacion ttemplo\" width=\"590\" height=\"295\" \/><\/p>\n<p>&nbsp;<\/p>\n<p><img loading=\"lazy\" decoding=\"async\" class=\"size-large wp-image-6007 alignleft\" title=\"dormitorio-indonesia\" src=\"http:\/\/ttemplo.es\/wp-content\/uploads\/2012\/11\/co-1024x680.jpg\" alt=\"dormitorio indonesia\" width=\"410\" height=\"272\" \/>\u00a0 \u00a0 \u00a0\u00a0<img loading=\"lazy\" decoding=\"async\" class=\"size-large wp-image-6019 alignright\" title=\"ba\u00f1o indonesia\" src=\"http:\/\/ttemplo.es\/wp-content\/uploads\/2012\/11\/co2-1024x768.jpg\" alt=\"ba\u00f1o indonesia\" width=\"360\" height=\"270\" \/><\/p>\n<p>&nbsp;<\/p>\n<p>&nbsp;<\/p>\n<p>&nbsp;<\/p>\n<p>&nbsp;<\/p>\n<p>&nbsp;<\/p>\n<p>&nbsp;<\/p>\n<p>&nbsp;<\/p>\n<p>&nbsp;<\/p>\n<h2><b>\u00bfQUI\u00c9N?<\/b><\/h2>\n<p><img loading=\"lazy\" decoding=\"async\" class=\"size-full wp-image-6032 alignright\" title=\"cuadro-budas\" src=\"http:\/\/ttemplo.es\/wp-content\/uploads\/2012\/11\/q.png\" alt=\"cuadro budas\" width=\"350\" height=\"234\" \/>TTemplo est\u00e1 integrado por personal <strong>joven y multidisciplinar<\/strong> que desarrolla su trabajo diario\u00a0 con la m\u00e1xima profesionalidad y dedicaci\u00f3n.<\/p>\n<p>La versatilidad es, probablemente, la principal cualidad de nuestro equipo humano, porque en <strong>TTemplo<\/strong> conocemos al detalle el proceso completo de fabricaci\u00f3n del mueble, desde que se dise\u00f1a a medida del cliente hasta el momento de la entrega final.<\/p>\n<p>Por eso, podemos ofrecer un <strong>asesoramiento integral<\/strong> en lo que respecta a materiales, decoraci\u00f3n, aspectos log\u00edsticos, mantenimiento\u2026<\/p>\n<blockquote>\n<h2 style=\"text-align: center;\">Escuchamos a nuestros clientes y nos adaptamos a sus necesidades.<\/h2>\n<\/blockquote>\n<p>&nbsp;<\/p>\n<p style=\"text-align: center;\"><img loading=\"lazy\" decoding=\"async\" class=\"size-full wp-image-6045 aligncenter\" title=\"figuras-budas\" src=\"http:\/\/ttemplo.es\/wp-content\/uploads\/2012\/11\/q2.jpg\" alt=\"figuras budas\" width=\"400\" height=\"300\" \/><\/p>\n<h2><\/h2>\n<h2><b>\u00bfD\u00d3NDE?<\/b><\/h2>\n<p>Nuestras instalaciones se encuentran en una nave\u00a0de 500 metros cuadrados de superficie + patios, que podr\u00e1s encontrar cerca del municipio de ARROYOMOLINOS. M-413 km 8.400 28950, Moraleja de en medio.\u00a0Todo lo que podr\u00edas <b>comprar en Bali<\/b> lo encontrar\u00e1s en Ttemplo, con el mejor asesoramiento profesional.<\/p>\n<p>&nbsp;<\/p>\n<p align=\"center\"><b><img loading=\"lazy\" decoding=\"async\" class=\"alignnone size-full wp-image-6049\" title=\"salon-indonesia\" src=\"http:\/\/ttemplo.es\/wp-content\/uploads\/2012\/11\/v.png\" alt=\"salon indonesia\" width=\"450\" height=\"299\" \/>\u00a0<\/b><b>\u00a0<\/b><\/p>\n<blockquote>\n<h2 style=\"text-align: center;\" align=\"center\"><b>\u00a1Ven a conocernos!<\/b><\/h2>\n<\/blockquote>\n","protected":false},"excerpt":{"rendered":"<p>\u00bfTe has fijado en nuestro logotipo? Resume muy bien nuestro car\u00e1cter. Escondido en su tipograf\u00eda encontrar\u00e1s un templo asi\u00e1tico con una puerta abierta que te invita a entrar. Te animamos a pasar y conocer todo lo que TTemplo tiene para ofrecerte. Ponte c\u00f3modo, rel\u00e1jate y si\u00e9ntete como en casa\u2026 &nbsp; \u00bfQU\u00c9? Somos especialistas en muebles [&hellip;]<\/p>\n","protected":false},"author":1,"featured_media":0,"parent":0,"menu_order":1,"comment_status":"closed","ping_status":"closed","template":"","meta":{"footnotes":""},"class_list":["post-810","page","type-page","status-publish","hentry"],"_links":{"self":[{"href":"https:\/\/mentoriable.com\/index.php?rest_route=\/wp\/v2\/pages\/810","targetHints":{"allow":["GET"]}}],"collection":[{"href":"https:\/\/mentoriable.com\/index.php?rest_route=\/wp\/v2\/pages"}],"about":[{"href":"https:\/\/mentoriable.com\/index.php?rest_route=\/wp\/v2\/types\/page"}],"author":[{"embeddable":true,"href":"https:\/\/mentoriable.com\/index.php?rest_route=\/wp\/v2\/users\/1"}],"replies":[{"embeddable":true,"href":"https:\/\/mentoriable.com\/index.php?rest_route=%2Fwp%2Fv2%2Fcomments&post=810"}],"version-history":[{"count":78,"href":"https:\/\/mentoriable.com\/index.php?rest_route=\/wp\/v2\/pages\/810\/revisions"}],"predecessor-version":[{"id":6487,"href":"https:\/\/mentoriable.com\/index.php?rest_route=\/wp\/v2\/pages\/810\/revisions\/6487"}],"wp:attachment":[{"href":"https:\/\/mentoriable.com\/index.php?rest_route=%2Fwp%2Fv2%2Fmedia&parent=810"}],"curies":[{"name":"wp","href":"https:\/\/api.w.org\/{rel}","templated":true}]}}